{"id":3,"date":"2024-12-04T15:14:16","date_gmt":"2024-12-04T15:14:16","guid":{"rendered":"https:\/\/www.weconsult.com.tr\/?page_id=3"},"modified":"2025-05-30T10:27:47","modified_gmt":"2025-05-30T10:27:47","slug":"gizlilik-politikasi","status":"publish","type":"page","link":"https:\/\/www.weconsult.com.tr\/en\/gizlilik-politikasi\/","title":{"rendered":"General Privacy Policy"},"content":{"rendered":"<div data-elementor-type=\"wp-page\" data-elementor-id=\"3\" class=\"elementor elementor-3\" data-elementor-post-type=\"page\">\n\t\t\t\t<div class=\"elementor-element elementor-element-c805f67 e-flex e-con-boxed e-con e-parent\" data-id=\"c805f67\" data-element_type=\"container\" data-e-type=\"container\">\n\t\t\t\t\t<div class=\"e-con-inner\">\n\t\t\t\t<div class=\"elementor-element elementor-element-128710d e-n-tabs-mobile elementor-widget elementor-widget-n-tabs\" data-id=\"128710d\" data-element_type=\"widget\" data-e-type=\"widget\" data-settings=\"{&quot;tabs_justify_horizontal&quot;:&quot;start&quot;,&quot;horizontal_scroll&quot;:&quot;disable&quot;}\" data-widget_type=\"nested-tabs.default\">\n\t\t\t\t<div class=\"elementor-widget-container\">\n\t\t\t\t\t\t\t<div class=\"e-n-tabs\" data-widget-number=\"19427597\" aria-label=\"Sekmeler. Enter ve Space ile \u00f6geleri a\u00e7abilir, Escape ile \u00f6geleri kapatabilir ve Y\u00f6n tu\u015flar\u0131 ile \u00f6geler aras\u0131nda gezinebilirsiniz.\">\n\t\t\t<div class=\"e-n-tabs-heading\" role=\"tablist\">\n\t\t\t\t\t<button id=\"e-n-tab-title-194275971\" data-tab-title-id=\"e-n-tab-title-194275971\" class=\"e-n-tab-title\" aria-selected=\"true\" data-tab-index=\"1\" role=\"tab\" tabindex=\"0\" aria-controls=\"e-n-tab-content-194275971\" style=\"--n-tabs-title-order: 1;\">\n\t\t\t\t\t\t<span class=\"e-n-tab-title-text\">\n\t\t\t\tT\u00fcrk\u00e7e\t\t\t<\/span>\n\t\t<\/button>\n\t\t\t\t<button id=\"e-n-tab-title-194275972\" data-tab-title-id=\"e-n-tab-title-194275972\" class=\"e-n-tab-title\" aria-selected=\"false\" data-tab-index=\"2\" role=\"tab\" tabindex=\"-1\" aria-controls=\"e-n-tab-content-194275972\" style=\"--n-tabs-title-order: 2;\">\n\t\t\t\t\t\t<span class=\"e-n-tab-title-text\">\n\t\t\t\tEnglish\t\t\t<\/span>\n\t\t<\/button>\n\t\t\t\t\t<\/div>\n\t\t\t<div class=\"e-n-tabs-content\">\n\t\t\t\t<div id=\"e-n-tab-content-194275971\" role=\"tabpanel\" aria-labelledby=\"e-n-tab-title-194275971\" data-tab-index=\"1\" style=\"--n-tabs-title-order: 1;\" class=\"e-active elementor-element elementor-element-dec27a0 e-con-full e-flex e-con e-child\" data-id=\"dec27a0\" data-element_type=\"container\" data-e-type=\"container\">\n\t\t\t\t<div class=\"elementor-element elementor-element-2bac91c elementor-widget elementor-widget-text-editor\" data-id=\"2bac91c\" data-element_type=\"widget\" data-e-type=\"widget\" data-widget_type=\"text-editor.default\">\n\t\t\t\t<div class=\"elementor-widget-container\">\n\t\t\t\t\t\t\t\t\t<h2>GENEL G\u0130ZL\u0130L\u0130K POL\u0130T\u0130KASI<\/h2>\n<p>Bu \u0130nternet sitesini kullanarak ki\u015fisel verilerinizin i\u015flenmesini kabul etmi\u015f olursunuz. G\u00fcvenli\u011finiz bizim i\u00e7in \u00f6nemli. Bu sebeple, bizimle payla\u015faca\u011f\u0131n\u0131z ki\u015fisel verileriniz hassasiyetle korunmaktad\u0131r.<\/p>\n<p><strong>Veri Sorumlusu<\/strong><br \/>Biz, \u015eirket, veri sorumlusu olarak, bu gizlilik ve ki\u015fisel verilerin korunmas\u0131 politikas\u0131 ile ziyaret etmekte oldu\u011funuz \u0130nternet sitesi kapsam\u0131nda hangi ki\u015fisel verilerinizin hangi ama\u00e7larla i\u015flenece\u011fi, i\u015flenen verilerin kimlerle ve hangi sebeplerle payla\u015f\u0131labilece\u011fi, veri i\u015fleme y\u00f6ntemimiz ve hukuki sebepleri ile; i\u015flenen verilerinize ili\u015fkin haklar\u0131n\u0131z\u0131n neler oldu\u011fu hususunda siz kullan\u0131c\u0131lar\u0131m\u0131z\u0131 ayd\u0131nlatmay\u0131 ama\u00e7l\u0131yoruz.<\/p>\n<p>Toplanan Ki\u015fisel Veriler<br \/>Bu \u0130nternet sitesi taraf\u0131ndan toplanan ki\u015fisel verileriniz:<\/p>\n<p>Cihaz bilgileri<\/p>\n<p>IP adresi<\/p>\n<p><strong>Kullan\u0131lan Servisler<\/strong><br \/><strong>Altyap\u0131 servisleri<\/strong><br \/>\u0130X\u0130R Host: \u0130X\u0130R Host, altyap\u0131 ve bar\u0131nd\u0131rma hizmetleri i\u00e7in kullan\u0131lmaktad\u0131r. Verileriniz \u0130X\u0130R Host sunucular\u0131nda saklanabilir.<\/p>\n<p><strong>Analitik ve izleme<\/strong><br \/>Google Analytics: Google Analytics, ziyaret\u00e7i davran\u0131\u015flar\u0131n\u0131 ve site kullan\u0131m\u0131n\u0131 analiz etmek i\u00e7in kullan\u0131lmaktad\u0131r. Bu hizmet, ziyaret\u00e7i trafi\u011fi, etkile\u015fimler ve kullan\u0131c\u0131 davran\u0131\u015flar\u0131 hakk\u0131nda detayl\u0131 raporlar sa\u011flar.<br \/>Verilerin \u0130\u015flenme Ama\u00e7lar\u0131<br \/>Ki\u015fisel verileriniz, bu \u0130nternet sitesi taraf\u0131ndan amac\u0131na uygun hizmet sunulabilmesi, yasal y\u00fck\u00fcml\u00fcl\u00fcklerin yerine getirilmesi, hizmet kalitesinin art\u0131r\u0131lmas\u0131, ileti\u015fim, g\u00fcvenlik ve gerekti\u011finde yasal merciler ile bilgi payla\u015f\u0131labilmesi ama\u00e7lar\u0131 ile i\u015flenmektedir. Ki\u015fisel verileriniz, bu say\u0131lan ama\u00e7lar d\u0131\u015f\u0131nda kullan\u0131lmayacakt\u0131r.<\/p>\n<p><strong>Verilerin Aktar\u0131lmas\u0131<\/strong><br \/>Bu \u0130nternet sitesi taraf\u0131ndan toplanan ki\u015fisel verileriniz, yasal zorunluluklar haricinde, a\u00e7\u0131k r\u0131zan\u0131z olmadan \u00fc\u00e7\u00fcnc\u00fc ki\u015filer ile payla\u015f\u0131lmaz. Ancak hizmet sa\u011flay\u0131c\u0131lar\u0131m\u0131z, i\u015f ortaklar\u0131m\u0131z ve yasal merciler ile, hizmetin sa\u011flanmas\u0131 ve yasal y\u00fck\u00fcml\u00fcl\u00fcklerin yerine getirilmesi ama\u00e7lar\u0131yla gerekli oldu\u011fu \u00f6l\u00e7\u00fcde payla\u015f\u0131labilir.<\/p>\n<p><strong>\u00c7erez Kullan\u0131m<\/strong>\u0131<br \/>Bu \u0130nternet sitesi \u00e7erez kullanmaktad\u0131r. \u00c7erezler, bir \u0130nternet sayfas\u0131 ziyaret edildi\u011finde kullan\u0131c\u0131lara ili\u015fkin birtak\u0131m bilgilerin kullan\u0131c\u0131lar\u0131n terminal cihazlar\u0131nda depolanmas\u0131na izin veren d\u00fc\u015f\u00fck boyutlu zengin metin bi\u00e7imli text formatlar\u0131d\u0131r. \u00c7erezler, bir \u0130nternet sitesini ilk ziyaretiniz s\u0131ras\u0131nda taray\u0131c\u0131n\u0131z arac\u0131l\u0131\u011f\u0131yla cihaz\u0131n\u0131za depolanabilir ve ayn\u0131 siteyi ayn\u0131 cihazla tekrar ziyaret etti\u011finizde, taray\u0131c\u0131n\u0131z cihaz\u0131n\u0131zda site ad\u0131na kay\u0131tl\u0131 bir \u00e7erez olup olmad\u0131\u011f\u0131n\u0131 kontrol eder. E\u011fer kay\u0131t var ise, kayd\u0131n i\u00e7indeki veriyi ziyaret etmekte oldu\u011funuz \u0130nternet sitesine iletir. Bu sayede \u0130nternet sitesi, sizin daha \u00f6nceki ziyaretinizi tespit eder ve size iletilecek i\u00e7eri\u011fi ona g\u00f6re belirler.<\/p>\n<p><strong>Yasal Haklar\u0131n\u0131z<\/strong><br \/>KVKK Kapsam\u0131nda Haklar\u0131n\u0131z<br \/>6698 say\u0131l\u0131 KVKK madde 11 uyar\u0131nca herkes, veri sorumlusuna ba\u015fvurarak kendisiyle ilgili a\u015fa\u011f\u0131da yer alan taleplerde bulunma hakk\u0131na sahiptir:<\/p>\n<p>Ki\u015fisel verilerinin i\u015flenip i\u015flenmedi\u011fini \u00f6\u011frenme.<\/p>\n<p>Ki\u015fisel verileri i\u015flenmi\u015fse buna ili\u015fkin bilgi talep etme.<\/p>\n<p>Ki\u015fisel verilerin i\u015flenme amac\u0131n\u0131 ve bunlar\u0131n amac\u0131na uygun kullan\u0131l\u0131p kullan\u0131lmad\u0131\u011f\u0131n\u0131 \u00f6\u011frenme.<\/p>\n<p>Yurt i\u00e7inde veya yurt d\u0131\u015f\u0131nda ki\u015fisel verilerin aktar\u0131ld\u0131\u011f\u0131 \u00fc\u00e7\u00fcnc\u00fc ki\u015fileri bilme.<\/p>\n<p>Ki\u015fisel verilerin eksik veya yanl\u0131\u015f i\u015flenmi\u015f olmas\u0131 h\u00e2linde bunlar\u0131n d\u00fczeltilmesini isteme.<\/p>\n<p>KVKK madde 7 ile \u00f6ng\u00f6r\u00fclen \u015fartlar \u00e7er\u00e7evesinde ki\u015fisel verilerin silinmesini veya yok edilmesini isteme.<\/p>\n<p>D\u00fczeltme, silme ve yok edilme talepleri neticesinde yap\u0131lan i\u015flemlerin, ki\u015fisel verilerin aktar\u0131ld\u0131\u011f\u0131 \u00fc\u00e7\u00fcnc\u00fc ki\u015filere bildirilmesini isteme.<\/p>\n<p>\u0130\u015flenen verilerin m\u00fcnhas\u0131ran otomatik sistemler vas\u0131tas\u0131yla analiz edilmesi suretiyle ki\u015finin kendisi aleyhine bir sonucun ortaya \u00e7\u0131kmas\u0131na itiraz etme.<\/p>\n<p>Ki\u015fisel verilerin kanuna ayk\u0131r\u0131 olarak i\u015flenmesi sebebiyle zarara u\u011framas\u0131 h\u00e2linde zarar\u0131n giderilmesini talep etme.<\/p>\n<p><strong>Contact<\/strong><br \/>Ki\u015fisel verilerinizle ilgili haklar\u0131n\u0131z\u0131 kullanmak veya gizlilik politikam\u0131z hakk\u0131nda daha fazla bilgi almak i\u00e7in <span style=\"color: #000000;\"><strong><a style=\"color: #000000;\" href=\"mailto:info@weconsult.com.tr\">info@weconsult.com.tr<\/a><\/strong><\/span> adresinden bizimle ileti\u015fime ge\u00e7ebilirsiniz.<\/p>\n<p><strong>Onay ve Y\u00fcr\u00fcrl\u00fck<\/strong><br \/>\u0130nternet sitemiz ile ki\u015fisel verilerinizi payla\u015fmak, tamamen sizin tercihinizdir. \u0130nternet sitemizi kullanmaya devam etti\u011finiz takdirde, bu gizlilik politikas\u0131n\u0131 kabul etti\u011finiz varsay\u0131lacakt\u0131r. Bu politika, 25 Mart 2025 tarihinde y\u00fcr\u00fcrl\u00fc\u011fe girmi\u015f olup, gerekti\u011finde g\u00fcncellenir.<\/p>\t\t\t\t\t\t\t\t<\/div>\n\t\t\t\t<\/div>\n\t\t\t\t<\/div>\n\t\t<div id=\"e-n-tab-content-194275972\" role=\"tabpanel\" aria-labelledby=\"e-n-tab-title-194275972\" data-tab-index=\"2\" style=\"--n-tabs-title-order: 2;\" class=\"elementor-element elementor-element-7e859e3 e-con-full e-flex e-con e-child\" data-id=\"7e859e3\" data-element_type=\"container\" data-e-type=\"container\">\n\t\t\t\t<div class=\"elementor-element elementor-element-b1d2c29 elementor-widget elementor-widget-text-editor\" data-id=\"b1d2c29\" data-element_type=\"widget\" data-e-type=\"widget\" data-widget_type=\"text-editor.default\">\n\t\t\t\t<div class=\"elementor-widget-container\">\n\t\t\t\t\t\t\t\t\t<h2>GENERAL PRIVACY POLICY<\/h2>\n<p>By using this website, you agree to the processing of your personal data. Your security is important to us. For this reason, the personal data you will share with us is protected with care.<\/p>\n<p><strong>Data Controller<\/strong><br \/>As the Company data controller, we aim to inform you, our users, with this privacy and personal data protection policy, which personal data will be processed for which purposes within the scope of the website you are visiting, with whom and for what reasons the processed data can be shared, our data processing method and legal reasons, and what your rights are regarding your processed data.<\/p>\n<p>Personal Data Collected<br \/>Your personal data collected by this website:<\/p>\n<p>Device information<\/p>\n<p>IP address<\/p>\n<p><strong>Services Used<\/strong><br \/><strong>Infrastructure services<\/strong><br \/>IXIR Host: IXIR Host is used for infrastructure and hosting services. Your data may be stored on IXIR Host servers.<\/p>\n<p><strong>Analysis and tracking<\/strong><br \/>Google Analytics: Google Analytics is used to analyze visitor behavior and site usage. This service provides detailed reports on visitor traffic, interactions and user behavior.<br \/>Purposes of Data Processing<br \/>Your personal data is processed by this website for the purposes of providing services in line with its purpose, fulfilling legal obligations, improving service quality, communication, security and sharing information with legal authorities when necessary. Your personal data will not be used for purposes other than those listed.<\/p>\n<p><strong>Transfer of Data<\/strong><br \/>Your personal data collected by this website will not be shared with third parties without your explicit consent, except for legal obligations. However, it may be shared with our service providers, business partners and legal authorities to the extent necessary for the purposes of providing the service and fulfilling legal obligations.<\/p>\n<p><strong>Use of Cookies<\/strong><br \/>This website uses cookies. Cookies are low-sized rich text formats that allow certain information about users to be stored on users&#8217; terminal devices when a website is visited. Cookies can be stored on your device through your browser during your first visit to a website, and when you revisit the same site with the same device, your browser checks whether there is a cookie registered on your device for the site. If there is a record, it transmits the data in the record to the website you are visiting. In this way, the website detects your previous visit and determines the content to be transmitted to you accordingly.<\/p>\n<p><strong>Your Legal Rights<\/strong><br \/>Your Rights Under KVKK<br \/>According to Article 11 of KVKK No. 6698, everyone has the right to apply to the data controller and make the following requests regarding themselves:<\/p>\n<p>To learn whether their personal data has been processed.<\/p>\n<p>To request information about their personal data if they have been processed.<\/p>\n<p>To learn the purpose of processing personal data and whether they are used in accordance with their purpose.<\/p>\n<p>To know the third parties to whom personal data is transferred domestically or abroad.<\/p>\n<p>To request correction of personal data if it is processed incompletely or incorrectly.<\/p>\n<p>To request the deletion or destruction of personal data within the framework of the conditions stipulated in Article 7 of KVKK.<\/p>\n<p>To request notification of the actions taken as a result of requests for correction, deletion and destruction to third parties to whom personal data is transferred.<\/p>\n<p>Objection to the emergence of a result against the person by analyzing the processed data exclusively through automated systems.<\/p>\n<p>Request compensation for damages in case of damages due to unlawful processing of personal data.<\/p>\n<p><strong>Contact<\/strong><br \/>You can contact us at info@weconsult.com.tr to exercise your rights regarding your personal data or to obtain more information about our privacy policy.<\/p>\n<p><strong>Approval and Enforcement<\/strong><br \/>Sharing your personal data with our website is entirely your choice. If you continue to use our website, you will be deemed to have accepted this privacy policy. This policy entered into force on March 25, 2025 and will be updated as necessary.<\/p>\t\t\t\t\t\t\t\t<\/div>\n\t\t\t\t<\/div>\n\t\t\t\t<\/div>\n\t\t\t\t\t<\/div>\n\t\t<\/div>\n\t\t\t\t\t\t<\/div>\n\t\t\t\t<\/div>\n\t\t\t\t\t<\/div>\n\t\t\t\t<\/div>\n\t\t\t\t<\/div>","protected":false},"excerpt":{"rendered":"<p>T\u00fcrk\u00e7e English GENEL G\u0130ZL\u0130L\u0130K POL\u0130T\u0130KASI Bu \u0130nternet sitesini kullanarak ki\u015fisel verilerinizin i\u015flenmesini kabul etmi\u015f olursunuz. G\u00fcvenli\u011finiz bizim i\u00e7in \u00f6nemli. Bu sebeple, bizimle payla\u015faca\u011f\u0131n\u0131z ki\u015fisel verileriniz hassasiyetle korunmaktad\u0131r. Veri SorumlusuBiz, \u015eirket, veri sorumlusu olarak, bu gizlilik ve ki\u015fisel verilerin korunmas\u0131 politikas\u0131 ile ziyaret etmekte oldu\u011funuz \u0130nternet sitesi kapsam\u0131nda hangi ki\u015fisel verilerinizin hangi ama\u00e7larla i\u015flenece\u011fi, i\u015flenen verilerin [&hellip;]<\/p>","protected":false},"author":1,"featured_media":0,"parent":0,"menu_order":0,"comment_status":"closed","ping_status":"closed","template":"","meta":{"footnotes":""},"class_list":["post-3","page","type-page","status-publish","hentry"],"blocksy_meta":[],"_links":{"self":[{"href":"https:\/\/www.weconsult.com.tr\/en\/wp-json\/wp\/v2\/pages\/3","targetHints":{"allow":["GET"]}}],"collection":[{"href":"https:\/\/www.weconsult.com.tr\/en\/wp-json\/wp\/v2\/pages"}],"about":[{"href":"https:\/\/www.weconsult.com.tr\/en\/wp-json\/wp\/v2\/types\/page"}],"author":[{"embeddable":true,"href":"https:\/\/www.weconsult.com.tr\/en\/wp-json\/wp\/v2\/users\/1"}],"replies":[{"embeddable":true,"href":"https:\/\/www.weconsult.com.tr\/en\/wp-json\/wp\/v2\/comments?post=3"}],"version-history":[{"count":7,"href":"https:\/\/www.weconsult.com.tr\/en\/wp-json\/wp\/v2\/pages\/3\/revisions"}],"predecessor-version":[{"id":1589,"href":"https:\/\/www.weconsult.com.tr\/en\/wp-json\/wp\/v2\/pages\/3\/revisions\/1589"}],"wp:attachment":[{"href":"https:\/\/www.weconsult.com.tr\/en\/wp-json\/wp\/v2\/media?parent=3"}],"curies":[{"name":"wp","href":"https:\/\/api.w.org\/{rel}","templated":true}]}}