{"id":257,"date":"2024-12-16T15:07:03","date_gmt":"2024-12-16T15:07:03","guid":{"rendered":"https:\/\/www.weconsult.com.tr\/?page_id=257"},"modified":"2025-09-10T19:56:05","modified_gmt":"2025-09-10T16:56:05","slug":"hakkimizda","status":"publish","type":"page","link":"https:\/\/www.weconsult.com.tr\/en\/hakkimizda\/","title":{"rendered":"About Us"},"content":{"rendered":"<div data-elementor-type=\"wp-page\" data-elementor-id=\"257\" class=\"elementor elementor-257\" data-elementor-post-type=\"page\">\n\t\t\t\t<div class=\"elementor-element elementor-element-4a7f611 e-flex e-con-boxed e-con e-parent\" data-id=\"4a7f611\" data-element_type=\"container\" data-e-type=\"container\">\n\t\t\t\t\t<div class=\"e-con-inner\">\n\t\t\t\t<div class=\"elementor-element elementor-element-0f5454c elementor-hidden-tablet elementor-widget elementor-widget-spacer\" data-id=\"0f5454c\" data-element_type=\"widget\" data-e-type=\"widget\" data-widget_type=\"spacer.default\">\n\t\t\t\t<div class=\"elementor-widget-container\">\n\t\t\t\t\t\t\t<div class=\"elementor-spacer\">\n\t\t\t<div class=\"elementor-spacer-inner\"><\/div>\n\t\t<\/div>\n\t\t\t\t\t\t<\/div>\n\t\t\t\t<\/div>\n\t\t\t\t<div class=\"elementor-element elementor-element-0bc390e elementor-widget elementor-widget-text-editor\" data-id=\"0bc390e\" data-element_type=\"widget\" data-e-type=\"widget\" data-widget_type=\"text-editor.default\">\n\t\t\t\t<div class=\"elementor-widget-container\">\n\t\t\t\t\t\t\t\t\t<p>About Us<\/p>\t\t\t\t\t\t\t\t<\/div>\n\t\t\t\t<\/div>\n\t\t\t\t<div class=\"elementor-element elementor-element-e86479e elementor-hidden-tablet elementor-widget elementor-widget-spacer\" data-id=\"e86479e\" data-element_type=\"widget\" data-e-type=\"widget\" data-widget_type=\"spacer.default\">\n\t\t\t\t<div class=\"elementor-widget-container\">\n\t\t\t\t\t\t\t<div class=\"elementor-spacer\">\n\t\t\t<div class=\"elementor-spacer-inner\"><\/div>\n\t\t<\/div>\n\t\t\t\t\t\t<\/div>\n\t\t\t\t<\/div>\n\t\t\t\t\t<\/div>\n\t\t\t\t<\/div>\n\t\t<div class=\"elementor-element elementor-element-3469cb6 e-flex e-con-boxed e-con e-parent\" data-id=\"3469cb6\" data-element_type=\"container\" data-e-type=\"container\">\n\t\t\t\t\t<div class=\"e-con-inner\">\n\t\t<div class=\"elementor-element elementor-element-6a79cc7 e-con-full e-flex e-con e-child\" data-id=\"6a79cc7\" data-element_type=\"container\" data-e-type=\"container\" data-settings=\"{&quot;background_background&quot;:&quot;classic&quot;}\">\n\t\t\t\t<div class=\"elementor-element elementor-element-fb59382 elementor-widget elementor-widget-text-editor\" data-id=\"fb59382\" data-element_type=\"widget\" data-e-type=\"widget\" data-widget_type=\"text-editor.default\">\n\t\t\t\t<div class=\"elementor-widget-container\">\n\t\t\t\t\t\t\t\t\t<p>WEConsult<\/p>\t\t\t\t\t\t\t\t<\/div>\n\t\t\t\t<\/div>\n\t\t\t\t<div class=\"elementor-element elementor-element-4d036af elementor-widget-divider--view-line elementor-widget elementor-widget-divider\" data-id=\"4d036af\" data-element_type=\"widget\" data-e-type=\"widget\" data-widget_type=\"divider.default\">\n\t\t\t\t<div class=\"elementor-widget-container\">\n\t\t\t\t\t\t\t<div class=\"elementor-divider\">\n\t\t\t<span class=\"elementor-divider-separator\">\n\t\t\t\t\t\t<\/span>\n\t\t<\/div>\n\t\t\t\t\t\t<\/div>\n\t\t\t\t<\/div>\n\t\t\t\t<div class=\"elementor-element elementor-element-71e2ce4 elementor-widget elementor-widget-text-editor\" data-id=\"71e2ce4\" data-element_type=\"widget\" data-e-type=\"widget\" data-widget_type=\"text-editor.default\">\n\t\t\t\t<div class=\"elementor-widget-container\">\n\t\t\t\t\t\t\t\t\t<p>WEConsult is a consultancy firm that tracks and interprets emerging retail trends from both national and international perspectives, creating commercial real estate solutions aligned with these trends. With its experienced and expert team, WEConsult offers collaborative approaches and sustainable models to shopping center\/commercial real estate owners and the retail brands it represents, helping them thrive in an increasingly competitive environment.<\/p><p>Since 2021, WEConsult has provided services such as concept development, leasing, and tenant performance management for shopping centers and retail destinations. Additionally, the company offers consultancy for retail brands in areas such as commercial real estate portfolio optimization, national and international expansion strategy development, and efficiency analysis.<\/p>\t\t\t\t\t\t\t\t<\/div>\n\t\t\t\t<\/div>\n\t\t\t\t<\/div>\n\t\t\t\t\t<\/div>\n\t\t\t\t<\/div>\n\t\t<div class=\"elementor-element elementor-element-7d3b7da e-flex e-con-boxed e-con e-parent\" data-id=\"7d3b7da\" data-element_type=\"container\" data-e-type=\"container\">\n\t\t\t\t\t<div class=\"e-con-inner\">\n\t\t<div class=\"elementor-element elementor-element-f1b39cf e-con-full e-flex e-con e-child\" data-id=\"f1b39cf\" data-element_type=\"container\" data-e-type=\"container\" data-settings=\"{&quot;background_background&quot;:&quot;classic&quot;}\">\n\t\t\t\t<div class=\"elementor-element elementor-element-f2bd20e elementor-widget elementor-widget-spacer\" data-id=\"f2bd20e\" data-element_type=\"widget\" data-e-type=\"widget\" data-widget_type=\"spacer.default\">\n\t\t\t\t<div class=\"elementor-widget-container\">\n\t\t\t\t\t\t\t<div class=\"elementor-spacer\">\n\t\t\t<div class=\"elementor-spacer-inner\"><\/div>\n\t\t<\/div>\n\t\t\t\t\t\t<\/div>\n\t\t\t\t<\/div>\n\t\t\t\t<\/div>\n\t\t\t\t\t<\/div>\n\t\t\t\t<\/div>\n\t\t\t\t<\/div>","protected":false},"excerpt":{"rendered":"<p>Hakk\u0131m\u0131zda WEConsult WEConsult ulusal ve uluslararas\u0131 perspektifte geli\u015fen perakende trendlerini takip eden, yorumlayan ve buna uygun ticari gayrimenkul \u00e7\u00f6z\u00fcmleri yaratan bir dan\u0131\u015fmanl\u0131k \u015firketidir. Tecr\u00fcbeli ve uzman ekibiyle, al\u0131\u015fveri\u015f merkezleri \/ ticari gayrimenkul sahibi i\u015f ortaklar\u0131na ve temsil etti\u011fi perakende markalar\u0131na; geli\u015fen rekabet ortam\u0131nda i\u015fbirlik\u00e7i yakla\u015f\u0131mlar \u00fcreterek, s\u00fcrd\u00fcr\u00fclebilir modeller sunmaktad\u0131r. WEConsult 2021\u2019den bu yana; al\u0131\u015fveri\u015f merkezleri, [&hellip;]<\/p>","protected":false},"author":1,"featured_media":0,"parent":0,"menu_order":0,"comment_status":"closed","ping_status":"closed","template":"","meta":{"footnotes":""},"class_list":["post-257","page","type-page","status-publish","hentry"],"blocksy_meta":[],"_links":{"self":[{"href":"https:\/\/www.weconsult.com.tr\/en\/wp-json\/wp\/v2\/pages\/257","targetHints":{"allow":["GET"]}}],"collection":[{"href":"https:\/\/www.weconsult.com.tr\/en\/wp-json\/wp\/v2\/pages"}],"about":[{"href":"https:\/\/www.weconsult.com.tr\/en\/wp-json\/wp\/v2\/types\/page"}],"author":[{"embeddable":true,"href":"https:\/\/www.weconsult.com.tr\/en\/wp-json\/wp\/v2\/users\/1"}],"replies":[{"embeddable":true,"href":"https:\/\/www.weconsult.com.tr\/en\/wp-json\/wp\/v2\/comments?post=257"}],"version-history":[{"count":89,"href":"https:\/\/www.weconsult.com.tr\/en\/wp-json\/wp\/v2\/pages\/257\/revisions"}],"predecessor-version":[{"id":2425,"href":"https:\/\/www.weconsult.com.tr\/en\/wp-json\/wp\/v2\/pages\/257\/revisions\/2425"}],"wp:attachment":[{"href":"https:\/\/www.weconsult.com.tr\/en\/wp-json\/wp\/v2\/media?parent=257"}],"curies":[{"name":"wp","href":"https:\/\/api.w.org\/{rel}","templated":true}]}}