{"id":1578,"date":"2025-05-30T10:09:01","date_gmt":"2025-05-30T10:09:01","guid":{"rendered":"https:\/\/www.weconsult.com.tr\/?page_id=1578"},"modified":"2025-05-30T10:10:33","modified_gmt":"2025-05-30T10:10:33","slug":"cerez-politikasi","status":"publish","type":"page","link":"https:\/\/www.weconsult.com.tr\/en\/cerez-politikasi\/","title":{"rendered":"Cookie Policy."},"content":{"rendered":"<div data-elementor-type=\"wp-page\" data-elementor-id=\"1578\" class=\"elementor elementor-1578\" data-elementor-post-type=\"page\">\n\t\t\t\t<div class=\"elementor-element elementor-element-2d832ca7 e-flex e-con-boxed e-con e-parent\" data-id=\"2d832ca7\" data-element_type=\"container\" data-e-type=\"container\">\n\t\t\t\t\t<div class=\"e-con-inner\">\n\t\t\t\t<div class=\"elementor-element elementor-element-e42da82 e-n-tabs-mobile elementor-widget elementor-widget-n-tabs\" data-id=\"e42da82\" data-element_type=\"widget\" data-e-type=\"widget\" data-settings=\"{&quot;tabs_justify_horizontal&quot;:&quot;start&quot;,&quot;horizontal_scroll&quot;:&quot;disable&quot;}\" data-widget_type=\"nested-tabs.default\">\n\t\t\t\t<div class=\"elementor-widget-container\">\n\t\t\t\t\t\t\t<div class=\"e-n-tabs\" data-widget-number=\"239262338\" aria-label=\"Sekmeler. Enter ve Space ile \u00f6geleri a\u00e7abilir, Escape ile \u00f6geleri kapatabilir ve Y\u00f6n tu\u015flar\u0131 ile \u00f6geler aras\u0131nda gezinebilirsiniz.\">\n\t\t\t<div class=\"e-n-tabs-heading\" role=\"tablist\">\n\t\t\t\t\t<button id=\"e-n-tab-title-2392623381\" data-tab-title-id=\"e-n-tab-title-2392623381\" class=\"e-n-tab-title\" aria-selected=\"true\" data-tab-index=\"1\" role=\"tab\" tabindex=\"0\" aria-controls=\"e-n-tab-content-2392623381\" style=\"--n-tabs-title-order: 1;\">\n\t\t\t\t\t\t<span class=\"e-n-tab-title-text\">\n\t\t\t\tT\u00fcrk\u00e7e\t\t\t<\/span>\n\t\t<\/button>\n\t\t\t\t<button id=\"e-n-tab-title-2392623382\" data-tab-title-id=\"e-n-tab-title-2392623382\" class=\"e-n-tab-title\" aria-selected=\"false\" data-tab-index=\"2\" role=\"tab\" tabindex=\"-1\" aria-controls=\"e-n-tab-content-2392623382\" style=\"--n-tabs-title-order: 2;\">\n\t\t\t\t\t\t<span class=\"e-n-tab-title-text\">\n\t\t\t\tEnglish\t\t\t<\/span>\n\t\t<\/button>\n\t\t\t\t\t<\/div>\n\t\t\t<div class=\"e-n-tabs-content\">\n\t\t\t\t<div id=\"e-n-tab-content-2392623381\" role=\"tabpanel\" aria-labelledby=\"e-n-tab-title-2392623381\" data-tab-index=\"1\" style=\"--n-tabs-title-order: 1;\" class=\"e-active elementor-element elementor-element-1e1c466 e-con-full e-flex e-con e-child\" data-id=\"1e1c466\" data-element_type=\"container\" data-e-type=\"container\">\n\t\t\t\t<div class=\"elementor-element elementor-element-6381d78 elementor-widget elementor-widget-text-editor\" data-id=\"6381d78\" data-element_type=\"widget\" data-e-type=\"widget\" data-widget_type=\"text-editor.default\">\n\t\t\t\t<div class=\"elementor-widget-container\">\n\t\t\t\t\t\t\t\t\t<h2>\u00c7EREZ POL\u0130T\u0130KASI<\/h2>\n<p>Bu \u00c7erez Politikas\u0131, web sitemizle ba\u011flant\u0131l\u0131 olarak kullan\u0131lan farkl\u0131 \u00c7erez t\u00fcrlerini a\u00e7\u0131klar.<\/p>\n<p><strong>\u00c7EREZLER nelerdir?<\/strong><br \/>&#8220;\u0130nternet \u00c7erezi&#8221; (terim olarak &#8220;taray\u0131c\u0131 \u00e7erezi&#8221; veya &#8220;HTTP \u00e7erezi&#8221; veya &#8220;\u00e7erezler&#8221; olarak bilinir) k\u00fc\u00e7\u00fck bir dosyad\u0131r, harflerden ve say\u0131lardan olu\u015fur ve bir kullan\u0131c\u0131n\u0131n \u0130nternet&#8217;e eri\u015fti\u011fi bilgisayar, terminal mobil veya di\u011fer ekipmanlarda saklan\u0131r.<br \/>\u00c7erezler, bir web sunucusunun bir taray\u0131c\u0131ya (\u00f6rn. Internet Explorer, Firefox, Chrome) g\u00f6nderdi\u011fi istek yoluyla y\u00fcklenir.<br \/>\u00c7erezler y\u00fcklendikten sonra uzun bir \u00f6mre sahiptir, &#8220;pasif&#8221; kal\u0131rlar, yani Yaz\u0131l\u0131m vir\u00fcsleri veya casus yaz\u0131l\u0131m i\u00e7ermezler ve y\u00fcklendi\u011fi ekipman\u0131n kullan\u0131c\u0131 sabit s\u00fcr\u00fcc\u00fcs\u00fcndeki bilgilere eri\u015femezler.<br \/>\u00c7erezler iki b\u00f6l\u00fcmden olu\u015fur:<br \/>&#8211; ad ve<br \/>&#8211; i\u00e7erik veya \u00c7erezin de\u011feri.<\/p>\n<p><strong>\u00c7EREZ MOD\u00dcLLER\u0130N\u0130N ana t\u00fcrleri nelerdir?<\/strong><br \/>\u2022 <strong>Kesinlikle gerekli \u00c7erezler\/teknik \u00e7erezler<\/strong>, web sitemizi kullanamayaca\u011f\u0131n\u0131z i\u015flevleri garanti eder ve di\u011ferlerinin yan\u0131 s\u0131ra, bir web sitesinin i\u015flevlerine eri\u015fti\u011finizde, \u0130nternet ba\u011flant\u0131n\u0131za kar\u015f\u0131l\u0131k gelen geni\u015f bant ba\u011flant\u0131s\u0131na sahip bir s\u00fcr\u00fcm\u00fcn g\u00f6r\u00fcnt\u00fclenece\u011fini garanti ederiz. Ek olarak, b\u00f6yle bir \u00e7erez, sayfalar\u0131 de\u011fi\u015ftirirseniz http&#8217;den https&#8217;ye ge\u00e7menizi sa\u011flar.<br \/>\u2022 <strong>\u0130statistik \u00c7erezleri:<\/strong> Bu \u00e7erezler, web sitesinin performans\u0131 hakk\u0131nda istatistiksel bilgiler sa\u011flamak i\u00e7in kullan\u0131l\u0131r (\u00f6rne\u011fin, ziyaretleri, trafik kaynaklar\u0131n\u0131 saymak i\u00e7in).<br \/>\u2022 <strong>Pazarlama \u00c7erezleri:<\/strong> Bu \u00e7erezler, web sitesinin yapt\u0131\u011f\u0131n\u0131z se\u00e7imleri hat\u0131rlamas\u0131n\u0131 ve size daha ki\u015fiselle\u015ftirilmi\u015f ve y\u00fckseltilmi\u015f \u00f6zellikler sunmas\u0131n\u0131 sa\u011flar. Bu kategori, \u00fc\u00e7\u00fcnc\u00fc taraf \u00e7erezlerini i\u00e7erebilir.<\/p>\n<p><strong>\u00c7EREZLER\u0130 NASIL ve NEDEN KULLANIYORUZ?<\/strong><br \/>Ki\u015fisel bilgileri toplamak i\u00e7in \u00e7erez kullanm\u0131yoruz. Yaln\u0131zca teknik \u00e7erezler kullan\u0131yoruz. Teknik \u00e7erezler, web sitesinin do\u011fru \u00e7al\u0131\u015fmas\u0131 i\u00e7in gereklidir. B\u00f6ylece, web sitesi kullan\u0131c\u0131s\u0131 web sitesinin gezinmesinden ve temel \u00f6zelliklerinden ve g\u00fcvenlik \u00f6nlemlerinden yararlan\u0131r. Bir web sitesi teknik \u00e7erezler olmadan d\u00fczg\u00fcn \u00e7al\u0131\u015famaz, bu nedenle bunlar\u0131 devre d\u0131\u015f\u0131 b\u0131rakmay\u0131 se\u00e7emezsiniz.<\/p>\n<p><strong>\u00c7EREZ MOD\u00dcLLER\u0130 nas\u0131l y\u00f6netilir?<\/strong><br \/>\u00c7erezleri kullanmay\u0131 reddetme<br \/>Teknik \u00e7erezler devre d\u0131\u015f\u0131 b\u0131rak\u0131lamaz, \u00e7\u00fcnk\u00fc bu web sitesinin i\u015flevselli\u011fini etkileyebilir.<br \/>Taray\u0131c\u0131 ayarlar\u0131n\u0131zda y\u00f6netebilece\u011finiz 3. taraf \u00e7erezleri.<br \/>Taray\u0131c\u0131n\u0131zdaki \u00c7EREZLER\u0130 devre d\u0131\u015f\u0131 b\u0131rakma ve\/veya silme<br \/>\u00c7erez ayarlar\u0131n\u0131 internet taray\u0131c\u0131n\u0131z arac\u0131l\u0131\u011f\u0131yla de\u011fi\u015ftirebilirsiniz. \u0130nternet taray\u0131c\u0131n\u0131z \u00e7erez ayarlar\u0131n\u0131 d\u00fczenlemenize izin verecektir. Bu t\u00fcr ayarlar genellikle taray\u0131c\u0131n\u0131n men\u00fcs\u00fcnde bulunur: &#8220;se\u00e7enekler&#8221;,<br \/>&#8220;ara\u00e7lar&#8221; veya &#8220;tercihler&#8221; men\u00fcs\u00fc. Ayr\u0131ca taray\u0131c\u0131n\u0131z\u0131n &#8220;Yard\u0131m&#8221; men\u00fcs\u00fcne de ba\u015fvurabilirsiniz. Farkl\u0131 taray\u0131c\u0131lar \u00e7erezleri devre d\u0131\u015f\u0131 b\u0131rakmak i\u00e7in farkl\u0131 mekanizmalar kullanabilir:<br \/>Internet Explorer&#8217;daki \u00e7erez ayarlar\u0131 https:\/\/support.microsoft.com\/tr-tr\/help\/17442\/windows-internetexplorer-delete-manage-cookies<br \/>Safari&#8217;deki \u00e7erez ayarlar\u0131 &#8211; https:\/\/support.apple.com\/en-us\/HT201265<br \/>Uygulanan \u00c7erezlerin silinmesine ili\u015fkin taray\u0131c\u0131 ayarlar\u0131yla ilgili olarak, taray\u0131c\u0131 ayarlar\u0131 arac\u0131l\u0131\u011f\u0131yla yeni \u00e7erezlerin devre d\u0131\u015f\u0131 b\u0131rak\u0131lmas\u0131 durumunda oldu\u011fu gibi ayn\u0131 ilkeler ge\u00e7erlidir. L\u00fctfen yukar\u0131da ayr\u0131nt\u0131l\u0131 olarak a\u00e7\u0131kland\u0131\u011f\u0131 gibi taray\u0131c\u0131n\u0131z\u0131n talimatlar\u0131n\u0131 izleyin. www.allaboutcookies.org gibi ziyaret etti\u011finiz web sitelerine g\u00f6re b\u0131rak\u0131lan t\u00fcm \u00e7erezlerin silinmesini sa\u011flayan \u00e7evrimi\u00e7i ara\u00e7lar mevcuttur. Web sitemizi ba\u015fka bilgisayarlardan ziyaret etti\u011finizde ayarlar\u0131 de\u011fi\u015ftirdi\u011finizden emin olun.<\/p>\n<p><strong>\u00c7EREZ MOD\u00dcLLER\u0130 \u0130LE \u0130LG\u0130L\u0130 BU B\u0130LD\u0130R\u0130MDEK\u0130 DE\u011e\u0130\u015e\u0130KL\u0130KLER<\/strong><br \/>Bu \u00c7erez Politikas\u0131 30.05.2025 tarihinde de\u011fi\u015ftirilmi\u015ftir.<\/p>\t\t\t\t\t\t\t\t<\/div>\n\t\t\t\t<\/div>\n\t\t\t\t<\/div>\n\t\t<div id=\"e-n-tab-content-2392623382\" role=\"tabpanel\" aria-labelledby=\"e-n-tab-title-2392623382\" data-tab-index=\"2\" style=\"--n-tabs-title-order: 2;\" class=\"elementor-element elementor-element-b9c7bc8 e-con-full e-flex e-con e-child\" data-id=\"b9c7bc8\" data-element_type=\"container\" data-e-type=\"container\">\n\t\t\t\t<div class=\"elementor-element elementor-element-e75b824 elementor-widget elementor-widget-text-editor\" data-id=\"e75b824\" data-element_type=\"widget\" data-e-type=\"widget\" data-widget_type=\"text-editor.default\">\n\t\t\t\t<div class=\"elementor-widget-container\">\n\t\t\t\t\t\t\t\t\t<h2><strong>COOKIES POLICY<\/strong><\/h2>\n<p>This Cookies Policy explains the different types of Cookies used in connection with our website.<\/p>\n<p><strong>What are COOKIES?<\/strong><br \/>An &#8220;Internet Cookie&#8221; (known colloquially as a &#8220;browser cookie&#8221; or &#8220;HTTP cookie&#8221; or &#8220;cookies&#8221;) is a small file, made up of letters and numbers, stored on a computer, terminal, mobile or other equipment through which a user accesses the Internet.<\/p>\n<p>Cookies are installed through a request sent by a web server to a browser (e.g. Internet Explorer, Firefox, Chrome).<\/p>\n<p>Once installed, cookies have a long lifespan, they remain &#8220;passive&#8221;, meaning they do not contain software viruses or spyware and do not access information on the user&#8217;s hard drive of the equipment on which they are installed.<br \/>Cookies consist of two parts:<br \/>&#8211; the name and<br \/>&#8211; the content or value of the Cookie.<\/p>\n<p><strong>What are the main types of COOKIE MODULES?<\/strong><br \/>\u2022 <strong>Strictly necessary Cookies\/technical cookies<\/strong> guarantee that you will not be able to use our website and, among others, we guarantee that when you access the functions of a website, a version with a broadband connection corresponding to your Internet connection will be displayed. In addition, such a cookie allows you to switch from http to https if you change pages.<\/p>\n<p>\u2022 <strong>Statistics Cookies:<\/strong> These cookies are used to provide statistical information on the performance of the website (for example, to count visits, traffic sources).<\/p>\n<p>\u2022 <strong>Marketing Cookies:<\/strong> These cookies allow the website to remember the choices you have made and to offer you more personalized and upgraded features. This category may include third-party cookies.<\/p>\n<p><strong>HOW AND WHY DO WE USE COOKIES?<\/strong><br \/>We do not use cookies to collect personal information. We only use technical cookies. Technical cookies are necessary for the correct functioning of the website. Thus, the website user enjoys the navigation of the website and its basic features and security measures. A website cannot function properly without technical cookies, so you cannot choose to disable them.<\/p>\n<p><strong>How to manage COOKIE MODULES?<\/strong><br \/>Refusing the use of cookies<br \/>Technical cookies cannot be disabled, as they may affect the functionality of this website.<br \/>3rd party cookies that you can manage in your browser settings.<br \/>Disabling and\/or deleting COOKIES in your browser<br \/>You can change the cookie settings via your internet browser. Your internet browser will allow you to adjust the cookie settings. Such settings are usually found in the browser&#8217;s menu: &#8220;options&#8221;, &#8220;tools&#8221; or &#8220;preferences&#8221; menu. You can also consult the &#8220;Help&#8221; menu of your browser. Different browsers may use different mechanisms to disable cookies:<br \/>Cookie settings in Internet Explorer https:\/\/support.microsoft.com\/en-us\/help\/17442\/windows-internetexplorer-delete-manage-cookies<br \/>Cookie settings in Safari &#8211; https:\/\/support.apple.com\/en-us\/HT201265<br \/>The same principles apply to browser settings for deleting implemented Cookies as when disabling new cookies via browser settings. Please follow your browser instructions as detailed above. There are online tools available that allow you to delete all cookies that have been set depending on the websites you visit, such as www.allaboutcookies.org. Please make sure to change the settings when you visit our website from other computers.<\/p>\n<p><strong>CHANGES TO THIS NOTICE REGARDING COOKIE MODULES<\/strong><br \/>This Cookie Policy was amended on 30.05.2025.<\/p>\t\t\t\t\t\t\t\t<\/div>\n\t\t\t\t<\/div>\n\t\t\t\t<\/div>\n\t\t\t\t\t<\/div>\n\t\t<\/div>\n\t\t\t\t\t\t<\/div>\n\t\t\t\t<\/div>\n\t\t\t\t\t<\/div>\n\t\t\t\t<\/div>\n\t\t\t\t<\/div>","protected":false},"excerpt":{"rendered":"<p>T\u00fcrk\u00e7e English \u00c7EREZ POL\u0130T\u0130KASI Bu \u00c7erez Politikas\u0131, web sitemizle ba\u011flant\u0131l\u0131 olarak kullan\u0131lan farkl\u0131 \u00c7erez t\u00fcrlerini a\u00e7\u0131klar. \u00c7EREZLER nelerdir?&#8220;\u0130nternet \u00c7erezi&#8221; (terim olarak &#8220;taray\u0131c\u0131 \u00e7erezi&#8221; veya &#8220;HTTP \u00e7erezi&#8221; veya &#8220;\u00e7erezler&#8221; olarak bilinir) k\u00fc\u00e7\u00fck bir dosyad\u0131r, harflerden ve say\u0131lardan olu\u015fur ve bir kullan\u0131c\u0131n\u0131n \u0130nternet&#8217;e eri\u015fti\u011fi bilgisayar, terminal mobil veya di\u011fer ekipmanlarda saklan\u0131r.\u00c7erezler, bir web sunucusunun bir taray\u0131c\u0131ya (\u00f6rn. [&hellip;]<\/p>","protected":false},"author":1,"featured_media":0,"parent":0,"menu_order":0,"comment_status":"closed","ping_status":"closed","template":"","meta":{"footnotes":""},"class_list":["post-1578","page","type-page","status-publish","hentry"],"blocksy_meta":[],"_links":{"self":[{"href":"https:\/\/www.weconsult.com.tr\/en\/wp-json\/wp\/v2\/pages\/1578","targetHints":{"allow":["GET"]}}],"collection":[{"href":"https:\/\/www.weconsult.com.tr\/en\/wp-json\/wp\/v2\/pages"}],"about":[{"href":"https:\/\/www.weconsult.com.tr\/en\/wp-json\/wp\/v2\/types\/page"}],"author":[{"embeddable":true,"href":"https:\/\/www.weconsult.com.tr\/en\/wp-json\/wp\/v2\/users\/1"}],"replies":[{"embeddable":true,"href":"https:\/\/www.weconsult.com.tr\/en\/wp-json\/wp\/v2\/comments?post=1578"}],"version-history":[{"count":4,"href":"https:\/\/www.weconsult.com.tr\/en\/wp-json\/wp\/v2\/pages\/1578\/revisions"}],"predecessor-version":[{"id":1582,"href":"https:\/\/www.weconsult.com.tr\/en\/wp-json\/wp\/v2\/pages\/1578\/revisions\/1582"}],"wp:attachment":[{"href":"https:\/\/www.weconsult.com.tr\/en\/wp-json\/wp\/v2\/media?parent=1578"}],"curies":[{"name":"wp","href":"https:\/\/api.w.org\/{rel}","templated":true}]}}