{"id":1144,"date":"2024-12-25T14:28:49","date_gmt":"2024-12-25T14:28:49","guid":{"rendered":"https:\/\/www.weconsult.com.tr\/?page_id=1144"},"modified":"2025-09-12T13:35:53","modified_gmt":"2025-09-12T10:35:53","slug":"blog","status":"publish","type":"page","link":"https:\/\/www.weconsult.com.tr\/en\/blog\/","title":{"rendered":"Blog"},"content":{"rendered":"<div data-elementor-type=\"wp-page\" data-elementor-id=\"1144\" class=\"elementor elementor-1144\" data-elementor-post-type=\"page\">\n\t\t\t\t<div class=\"elementor-element elementor-element-4a7f611 e-flex e-con-boxed e-con e-parent\" data-id=\"4a7f611\" data-element_type=\"container\" data-e-type=\"container\">\n\t\t\t\t\t<div class=\"e-con-inner\">\n\t\t\t\t<div class=\"elementor-element elementor-element-0f5454c elementor-hidden-tablet elementor-widget elementor-widget-spacer\" data-id=\"0f5454c\" data-element_type=\"widget\" data-e-type=\"widget\" data-widget_type=\"spacer.default\">\n\t\t\t\t<div class=\"elementor-widget-container\">\n\t\t\t\t\t\t\t<div class=\"elementor-spacer\">\n\t\t\t<div class=\"elementor-spacer-inner\"><\/div>\n\t\t<\/div>\n\t\t\t\t\t\t<\/div>\n\t\t\t\t<\/div>\n\t\t\t\t<div class=\"elementor-element elementor-element-0bc390e elementor-widget elementor-widget-text-editor\" data-id=\"0bc390e\" data-element_type=\"widget\" data-e-type=\"widget\" data-widget_type=\"text-editor.default\">\n\t\t\t\t<div class=\"elementor-widget-container\">\n\t\t\t\t\t\t\t\t\t<p>Blog<\/p>\t\t\t\t\t\t\t\t<\/div>\n\t\t\t\t<\/div>\n\t\t\t\t<div class=\"elementor-element elementor-element-e86479e elementor-hidden-tablet elementor-widget elementor-widget-spacer\" data-id=\"e86479e\" data-element_type=\"widget\" data-e-type=\"widget\" data-widget_type=\"spacer.default\">\n\t\t\t\t<div class=\"elementor-widget-container\">\n\t\t\t\t\t\t\t<div class=\"elementor-spacer\">\n\t\t\t<div class=\"elementor-spacer-inner\"><\/div>\n\t\t<\/div>\n\t\t\t\t\t\t<\/div>\n\t\t\t\t<\/div>\n\t\t\t\t\t<\/div>\n\t\t\t\t<\/div>\n\t\t<div class=\"elementor-element elementor-element-03c9766 e-flex e-con-boxed e-con e-parent\" data-id=\"03c9766\" data-element_type=\"container\" data-e-type=\"container\">\n\t\t\t\t\t<div class=\"e-con-inner\">\n\t\t\t\t<div class=\"elementor-element elementor-element-8bf44d6 elementor-grid-3 elementor-grid-tablet-2 elementor-grid-mobile-1 elementor-posts--thumbnail-top elementor-card-shadow-yes elementor-posts__hover-gradient elementor-widget elementor-widget-posts\" data-id=\"8bf44d6\" data-element_type=\"widget\" data-e-type=\"widget\" data-settings=\"{&quot;pagination_type&quot;:&quot;load_more_infinite_scroll&quot;,&quot;cards_columns&quot;:&quot;3&quot;,&quot;cards_columns_tablet&quot;:&quot;2&quot;,&quot;cards_columns_mobile&quot;:&quot;1&quot;,&quot;cards_row_gap&quot;:{&quot;unit&quot;:&quot;px&quot;,&quot;size&quot;:35,&quot;sizes&quot;:[]},&quot;cards_row_gap_tablet&quot;:{&quot;unit&quot;:&quot;px&quot;,&quot;size&quot;:&quot;&quot;,&quot;sizes&quot;:[]},&quot;cards_row_gap_mobile&quot;:{&quot;unit&quot;:&quot;px&quot;,&quot;size&quot;:&quot;&quot;,&quot;sizes&quot;:[]},&quot;load_more_spinner&quot;:{&quot;value&quot;:&quot;fas fa-spinner&quot;,&quot;library&quot;:&quot;fa-solid&quot;}}\" data-widget_type=\"posts.cards\">\n\t\t\t\t<div class=\"elementor-widget-container\">\n\t\t\t\t\t\t\t<div class=\"elementor-posts-container elementor-posts elementor-posts--skin-cards elementor-grid\" role=\"list\">\n\t\t\t\t<article class=\"elementor-post elementor-grid-item post-3101 post type-post status-publish format-standard has-post-thumbnail hentry category-blog\" role=\"listitem\">\n\t\t\t<div class=\"elementor-post__card\">\n\t\t\t\t<a class=\"elementor-post__thumbnail__link\" href=\"https:\/\/www.weconsult.com.tr\/en\/dubai-gunlugu-3-4-deneyim-odakli-perakendenin-evrimi\/\" tabindex=\"-1\" ><div class=\"elementor-post__thumbnail\"><img fetchpriority=\"high\" decoding=\"async\" width=\"850\" height=\"567\" src=\"https:\/\/www.weconsult.com.tr\/wp-content\/uploads\/2026\/04\/4-9-01.jpg\" class=\"attachment-full size-full wp-image-3184\" alt=\"\" srcset=\"https:\/\/www.weconsult.com.tr\/wp-content\/uploads\/2026\/04\/4-9-01.jpg 850w, https:\/\/www.weconsult.com.tr\/wp-content\/uploads\/2026\/04\/4-9-01-300x200.jpg 300w, https:\/\/www.weconsult.com.tr\/wp-content\/uploads\/2026\/04\/4-9-01-768x512.jpg 768w, https:\/\/www.weconsult.com.tr\/wp-content\/uploads\/2026\/04\/4-9-01-18x12.jpg 18w, https:\/\/www.weconsult.com.tr\/wp-content\/uploads\/2026\/04\/4-9-01-24x16.jpg 24w, https:\/\/www.weconsult.com.tr\/wp-content\/uploads\/2026\/04\/4-9-01-36x24.jpg 36w, https:\/\/www.weconsult.com.tr\/wp-content\/uploads\/2026\/04\/4-9-01-48x32.jpg 48w\" sizes=\"(max-width: 850px) 100vw, 850px\" \/><\/div><\/a>\n\t\t\t\t<div class=\"elementor-post__text\">\n\t\t\t\t<h3 class=\"elementor-post__title\">\n\t\t\t<a href=\"https:\/\/www.weconsult.com.tr\/en\/dubai-gunlugu-3-4-deneyim-odakli-perakendenin-evrimi\/\" >\n\t\t\t\tDubai Diary 3\u20134: The Evolution of Experience-Driven Retail\t\t\t<\/a>\n\t\t<\/h3>\n\t\t\t\t<div class=\"elementor-post__excerpt\">\n\t\t\t<p>Day 3: Representing a different concept within Dubai\u2019s luxury-driven retail vision, The Outlet Village combines the shopping experience with a distinctive architectural narrative.<\/p>\n\t\t<\/div>\n\t\t\t\t\t<div class=\"elementor-post__read-more-wrapper\">\n\t\t\n\t\t<a class=\"elementor-post__read-more\" href=\"https:\/\/www.weconsult.com.tr\/en\/dubai-gunlugu-3-4-deneyim-odakli-perakendenin-evrimi\/\" aria-label=\"Read more about Dubai G\u00fcnl\u00fc\u011f\u00fc 3-4 : Deneyim Odakl\u0131 Perakendenin Evrimi\" tabindex=\"-1\" >\n\t\t\tMore of our article \u00bb\t\t<\/a>\n\n\t\t\t\t\t<\/div>\n\t\t\t\t<\/div>\n\t\t\t\t<div class=\"elementor-post__meta-data\">\n\t\t\t\t\t<span class=\"elementor-post-author\">\n\t\t\tWeConsult Business Development Department\t\t<\/span>\n\t\t\t\t<span class=\"elementor-post-date\">\n\t\t\tApril 9, 2026\t\t<\/span>\n\t\t\t\t<\/div>\n\t\t\t\t\t<\/div>\n\t\t<\/article>\n\t\t\t\t<article class=\"elementor-post elementor-grid-item post-2927 post type-post status-publish format-standard has-post-thumbnail hentry category-blog\" role=\"listitem\">\n\t\t\t<div class=\"elementor-post__card\">\n\t\t\t\t<a class=\"elementor-post__thumbnail__link\" href=\"https:\/\/www.weconsult.com.tr\/en\/dubai-gunlugu-2-outletten-luks-yasam-adasina\/\" tabindex=\"-1\" ><div class=\"elementor-post__thumbnail\"><img decoding=\"async\" width=\"1536\" height=\"863\" src=\"https:\/\/www.weconsult.com.tr\/wp-content\/uploads\/2025\/11\/2-blok-kapak.jpg\" class=\"attachment-full size-full wp-image-2929\" alt=\"\" srcset=\"https:\/\/www.weconsult.com.tr\/wp-content\/uploads\/2025\/11\/2-blok-kapak.jpg 1536w, https:\/\/www.weconsult.com.tr\/wp-content\/uploads\/2025\/11\/2-blok-kapak-300x169.jpg 300w, https:\/\/www.weconsult.com.tr\/wp-content\/uploads\/2025\/11\/2-blok-kapak-1024x575.jpg 1024w, https:\/\/www.weconsult.com.tr\/wp-content\/uploads\/2025\/11\/2-blok-kapak-768x432.jpg 768w, https:\/\/www.weconsult.com.tr\/wp-content\/uploads\/2025\/11\/2-blok-kapak-18x10.jpg 18w, https:\/\/www.weconsult.com.tr\/wp-content\/uploads\/2025\/11\/2-blok-kapak-24x13.jpg 24w, https:\/\/www.weconsult.com.tr\/wp-content\/uploads\/2025\/11\/2-blok-kapak-36x20.jpg 36w, https:\/\/www.weconsult.com.tr\/wp-content\/uploads\/2025\/11\/2-blok-kapak-48x27.jpg 48w\" sizes=\"(max-width: 1536px) 100vw, 1536px\" \/><\/div><\/a>\n\t\t\t\t<div class=\"elementor-post__text\">\n\t\t\t\t<h3 class=\"elementor-post__title\">\n\t\t\t<a href=\"https:\/\/www.weconsult.com.tr\/en\/dubai-gunlugu-2-outletten-luks-yasam-adasina\/\" >\n\t\t\t\tDubai Diary 2: From Outlet to Luxury Lifestyle Island\t\t\t<\/a>\n\t\t<\/h3>\n\t\t\t\t<div class=\"elementor-post__excerpt\">\n\t\t\t<p>We started the second day of our trip with a visit to Dubai Outlet Mall. Although it is located a bit away from the city center, it stands out as one of Dubai\u2019s first and most recognized outlet concepts. <\/p>\n\t\t<\/div>\n\t\t\t\t\t<div class=\"elementor-post__read-more-wrapper\">\n\t\t\n\t\t<a class=\"elementor-post__read-more\" href=\"https:\/\/www.weconsult.com.tr\/en\/dubai-gunlugu-2-outletten-luks-yasam-adasina\/\" aria-label=\"Read more about Dubai G\u00fcnl\u00fc\u011f\u00fc 2: Outlet\u2019ten L\u00fcks Ya\u015fam Adas\u0131na\" tabindex=\"-1\" >\n\t\t\tMore of our article \u00bb\t\t<\/a>\n\n\t\t\t\t\t<\/div>\n\t\t\t\t<\/div>\n\t\t\t\t<div class=\"elementor-post__meta-data\">\n\t\t\t\t\t<span class=\"elementor-post-author\">\n\t\t\tWeConsult Business Development Department\t\t<\/span>\n\t\t\t\t<span class=\"elementor-post-date\">\n\t\t\tNovember 7, 2025\t\t<\/span>\n\t\t\t\t<\/div>\n\t\t\t\t\t<\/div>\n\t\t<\/article>\n\t\t\t\t<article class=\"elementor-post elementor-grid-item post-2669 post type-post status-publish format-standard has-post-thumbnail hentry category-blog\" role=\"listitem\">\n\t\t\t<div class=\"elementor-post__card\">\n\t\t\t\t<a class=\"elementor-post__thumbnail__link\" href=\"https:\/\/www.weconsult.com.tr\/en\/dubai-gunlugu-1\/\" tabindex=\"-1\" ><div class=\"elementor-post__thumbnail\"><img decoding=\"async\" width=\"900\" height=\"506\" src=\"https:\/\/www.weconsult.com.tr\/wp-content\/uploads\/2025\/10\/Kapak-Fotosu.jpg\" class=\"attachment-full size-full wp-image-2671\" alt=\"Dubai G\u00fcnl\u00fc\u011f\u00fc\" srcset=\"https:\/\/www.weconsult.com.tr\/wp-content\/uploads\/2025\/10\/Kapak-Fotosu.jpg 900w, https:\/\/www.weconsult.com.tr\/wp-content\/uploads\/2025\/10\/Kapak-Fotosu-300x169.jpg 300w, https:\/\/www.weconsult.com.tr\/wp-content\/uploads\/2025\/10\/Kapak-Fotosu-768x432.jpg 768w, https:\/\/www.weconsult.com.tr\/wp-content\/uploads\/2025\/10\/Kapak-Fotosu-18x10.jpg 18w, https:\/\/www.weconsult.com.tr\/wp-content\/uploads\/2025\/10\/Kapak-Fotosu-24x13.jpg 24w, https:\/\/www.weconsult.com.tr\/wp-content\/uploads\/2025\/10\/Kapak-Fotosu-36x20.jpg 36w, https:\/\/www.weconsult.com.tr\/wp-content\/uploads\/2025\/10\/Kapak-Fotosu-48x27.jpg 48w\" sizes=\"(max-width: 900px) 100vw, 900px\" \/><\/div><\/a>\n\t\t\t\t<div class=\"elementor-post__text\">\n\t\t\t\t<h3 class=\"elementor-post__title\">\n\t\t\t<a href=\"https:\/\/www.weconsult.com.tr\/en\/dubai-gunlugu-1\/\" >\n\t\t\t\tDubai Diary 1: A Hub Shaping the Future of Retail\t\t\t<\/a>\n\t\t<\/h3>\n\t\t\t\t<div class=\"elementor-post__excerpt\">\n\t\t\t<p>\u201cDubai Mall, Mall of the Emirates, Ibn Battuta ve daha fazlas\u0131\u2026 Perakendenin turizm, k\u00fclt\u00fcr ve ya\u015famla birle\u015fti\u011fi bir \u015fehirden g\u00f6zlemler.<br \/>\n\u201d<\/p>\n\t\t<\/div>\n\t\t\t\t\t<div class=\"elementor-post__read-more-wrapper\">\n\t\t\n\t\t<a class=\"elementor-post__read-more\" href=\"https:\/\/www.weconsult.com.tr\/en\/dubai-gunlugu-1\/\" aria-label=\"Read more about Dubai G\u00fcnl\u00fc\u011f\u00fc 1: Perakendenin Gelece\u011fini \u015eekillendiren Bir Merkez\" tabindex=\"-1\" >\n\t\t\tMore of our article \u00bb\t\t<\/a>\n\n\t\t\t\t\t<\/div>\n\t\t\t\t<\/div>\n\t\t\t\t<div class=\"elementor-post__meta-data\">\n\t\t\t\t\t<span class=\"elementor-post-author\">\n\t\t\tWeConsult Business Development Department\t\t<\/span>\n\t\t\t\t<span class=\"elementor-post-date\">\n\t\t\tOctober 5, 2025\t\t<\/span>\n\t\t\t\t<\/div>\n\t\t\t\t\t<\/div>\n\t\t<\/article>\n\t\t\t\t<article class=\"elementor-post elementor-grid-item post-1672 post type-post status-publish format-standard has-post-thumbnail hentry category-blog\" role=\"listitem\">\n\t\t\t<div class=\"elementor-post__card\">\n\t\t\t\t<a class=\"elementor-post__thumbnail__link\" href=\"https:\/\/www.weconsult.com.tr\/en\/florentina-village\/\" tabindex=\"-1\" ><div class=\"elementor-post__thumbnail\"><img loading=\"lazy\" decoding=\"async\" width=\"800\" height=\"447\" src=\"https:\/\/www.weconsult.com.tr\/wp-content\/uploads\/2025\/05\/blog-4-b.png\" class=\"attachment-full size-full wp-image-1675\" alt=\"Florentia Village: Turkey\u2019s First Luxury Designer Outlet and Retail Park\" srcset=\"https:\/\/www.weconsult.com.tr\/wp-content\/uploads\/2025\/05\/blog-4-b.png 800w, https:\/\/www.weconsult.com.tr\/wp-content\/uploads\/2025\/05\/blog-4-b-300x168.png 300w, https:\/\/www.weconsult.com.tr\/wp-content\/uploads\/2025\/05\/blog-4-b-768x429.png 768w, https:\/\/www.weconsult.com.tr\/wp-content\/uploads\/2025\/05\/blog-4-b-18x10.png 18w, https:\/\/www.weconsult.com.tr\/wp-content\/uploads\/2025\/05\/blog-4-b-24x13.png 24w, https:\/\/www.weconsult.com.tr\/wp-content\/uploads\/2025\/05\/blog-4-b-36x20.png 36w, https:\/\/www.weconsult.com.tr\/wp-content\/uploads\/2025\/05\/blog-4-b-48x27.png 48w\" sizes=\"(max-width: 800px) 100vw, 800px\" \/><\/div><\/a>\n\t\t\t\t<div class=\"elementor-post__text\">\n\t\t\t\t<h3 class=\"elementor-post__title\">\n\t\t\t<a href=\"https:\/\/www.weconsult.com.tr\/en\/florentina-village\/\" >\n\t\t\t\tFlorentia Village: Turkey\u2019s First Luxury Designer Outlet and Retail Park\t\t\t<\/a>\n\t\t<\/h3>\n\t\t\t\t<div class=\"elementor-post__excerpt\">\n\t\t\t<p>Florentia Village is a unique concept that combines Turkey\u2019s first luxury designer outlet with a retail park \u2014 a combination that is rarely seen even in Europe. <\/p>\n\t\t<\/div>\n\t\t\t\t\t<div class=\"elementor-post__read-more-wrapper\">\n\t\t\n\t\t<a class=\"elementor-post__read-more\" href=\"https:\/\/www.weconsult.com.tr\/en\/florentina-village\/\" aria-label=\"Read more about Florentia Village: T\u00fcrkiye\u2019nin \u0130lk L\u00fcks Designer Outlet ve Perakende Park\u0131\" tabindex=\"-1\" >\n\t\t\tMore of our article \u00bb\t\t<\/a>\n\n\t\t\t\t\t<\/div>\n\t\t\t\t<\/div>\n\t\t\t\t<div class=\"elementor-post__meta-data\">\n\t\t\t\t\t<span class=\"elementor-post-author\">\n\t\t\tAcross Magazine\t\t<\/span>\n\t\t\t\t<span class=\"elementor-post-date\">\n\t\t\tMay 9, 2025\t\t<\/span>\n\t\t\t\t<\/div>\n\t\t\t\t\t<\/div>\n\t\t<\/article>\n\t\t\t\t<article class=\"elementor-post elementor-grid-item post-1608 post type-post status-publish format-standard has-post-thumbnail hentry category-blog\" role=\"listitem\">\n\t\t\t<div class=\"elementor-post__card\">\n\t\t\t\t<a class=\"elementor-post__thumbnail__link\" href=\"https:\/\/www.weconsult.com.tr\/en\/sumerbanktan-horizon-gardene\/\" tabindex=\"-1\" ><div class=\"elementor-post__thumbnail\"><img loading=\"lazy\" decoding=\"async\" width=\"1280\" height=\"720\" src=\"https:\/\/www.weconsult.com.tr\/wp-content\/uploads\/2025\/05\/blog-3-g.jpg\" class=\"attachment-full size-full wp-image-1623\" alt=\"S\u00fcmerpark&#039;tan Denizli Horizon Garden\u2019a Bir Yolculuk\" srcset=\"https:\/\/www.weconsult.com.tr\/wp-content\/uploads\/2025\/05\/blog-3-g.jpg 1280w, https:\/\/www.weconsult.com.tr\/wp-content\/uploads\/2025\/05\/blog-3-g-300x169.jpg 300w, https:\/\/www.weconsult.com.tr\/wp-content\/uploads\/2025\/05\/blog-3-g-1024x576.jpg 1024w, https:\/\/www.weconsult.com.tr\/wp-content\/uploads\/2025\/05\/blog-3-g-768x432.jpg 768w, https:\/\/www.weconsult.com.tr\/wp-content\/uploads\/2025\/05\/blog-3-g-18x10.jpg 18w, https:\/\/www.weconsult.com.tr\/wp-content\/uploads\/2025\/05\/blog-3-g-24x14.jpg 24w, https:\/\/www.weconsult.com.tr\/wp-content\/uploads\/2025\/05\/blog-3-g-36x20.jpg 36w, https:\/\/www.weconsult.com.tr\/wp-content\/uploads\/2025\/05\/blog-3-g-48x27.jpg 48w\" sizes=\"(max-width: 1280px) 100vw, 1280px\" \/><\/div><\/a>\n\t\t\t\t<div class=\"elementor-post__text\">\n\t\t\t\t<h3 class=\"elementor-post__title\">\n\t\t\t<a href=\"https:\/\/www.weconsult.com.tr\/en\/sumerbanktan-horizon-gardene\/\" >\n\t\t\t\tA Journey from Sumerpark to Denizli Horizon Garden\t\t\t<\/a>\n\t\t<\/h3>\n\t\t\t\t<div class=\"elementor-post__excerpt\">\n\t\t\t<p>As Denizli rapidly develops in the fields of industry and housing, it is also gaining attention with its retail real estate projects. The city is not only expanding, but also leading the way in unique and innovative transformations within the shopping center sector... <\/p>\n\t\t<\/div>\n\t\t\t\t\t<div class=\"elementor-post__read-more-wrapper\">\n\t\t\n\t\t<a class=\"elementor-post__read-more\" href=\"https:\/\/www.weconsult.com.tr\/en\/sumerbanktan-horizon-gardene\/\" aria-label=\"Read more about S\u00fcmerpark&#8217;tan Denizli Horizon Garden\u2019a Bir Yolculuk\" tabindex=\"-1\" >\n\t\t\tMore of our article \u00bb\t\t<\/a>\n\n\t\t\t\t\t<\/div>\n\t\t\t\t<\/div>\n\t\t\t\t<div class=\"elementor-post__meta-data\">\n\t\t\t\t\t<span class=\"elementor-post-author\">\n\t\t\tBi\u2019Sekt\u00f6r\t\t<\/span>\n\t\t\t\t<span class=\"elementor-post-date\">\n\t\t\tApril 30, 2025\t\t<\/span>\n\t\t\t\t<\/div>\n\t\t\t\t\t<\/div>\n\t\t<\/article>\n\t\t\t\t<article class=\"elementor-post elementor-grid-item post-2605 post type-post status-publish format-standard has-post-thumbnail hentry category-blog\" role=\"listitem\">\n\t\t\t<div class=\"elementor-post__card\">\n\t\t\t\t<a class=\"elementor-post__thumbnail__link\" href=\"https:\/\/www.weconsult.com.tr\/en\/2025-gorunumu-placemakingde-yenilik-ceviklik-ve-is-birligi\/\" tabindex=\"-1\" ><div class=\"elementor-post__thumbnail\"><img loading=\"lazy\" decoding=\"async\" width=\"736\" height=\"559\" src=\"https:\/\/www.weconsult.com.tr\/wp-content\/uploads\/2025\/01\/2025-gorunum-blog-resim.jpg\" class=\"attachment-full size-full wp-image-2607\" alt=\"Placemaking\u2019de Yenilik, \u00c7eviklik ve \u0130\u015f Birli\u011fi\" srcset=\"https:\/\/www.weconsult.com.tr\/wp-content\/uploads\/2025\/01\/2025-gorunum-blog-resim.jpg 736w, https:\/\/www.weconsult.com.tr\/wp-content\/uploads\/2025\/01\/2025-gorunum-blog-resim-300x228.jpg 300w, https:\/\/www.weconsult.com.tr\/wp-content\/uploads\/2025\/01\/2025-gorunum-blog-resim-16x12.jpg 16w, https:\/\/www.weconsult.com.tr\/wp-content\/uploads\/2025\/01\/2025-gorunum-blog-resim-24x18.jpg 24w, https:\/\/www.weconsult.com.tr\/wp-content\/uploads\/2025\/01\/2025-gorunum-blog-resim-36x27.jpg 36w, https:\/\/www.weconsult.com.tr\/wp-content\/uploads\/2025\/01\/2025-gorunum-blog-resim-48x36.jpg 48w\" sizes=\"(max-width: 736px) 100vw, 736px\" \/><\/div><\/a>\n\t\t\t\t<div class=\"elementor-post__text\">\n\t\t\t\t<h3 class=\"elementor-post__title\">\n\t\t\t<a href=\"https:\/\/www.weconsult.com.tr\/en\/2025-gorunumu-placemakingde-yenilik-ceviklik-ve-is-birligi\/\" >\n\t\t\t\tOutlook 2025: Innovation, Agility, and Collaboration in Placemaking\t\t\t<\/a>\n\t\t<\/h3>\n\t\t\t\t<div class=\"elementor-post__excerpt\">\n\t\t\t<p>\u201c We hope to see an industry that not only adapts to challenges but sets new benchmarks for innovation, strength, and meaningful contributions to society. \u201d<\/p>\n\t\t<\/div>\n\t\t\t\t\t<div class=\"elementor-post__read-more-wrapper\">\n\t\t\n\t\t<a class=\"elementor-post__read-more\" href=\"https:\/\/www.weconsult.com.tr\/en\/2025-gorunumu-placemakingde-yenilik-ceviklik-ve-is-birligi\/\" aria-label=\"Read more about 2025 G\u00f6r\u00fcn\u00fcm\u00fc: Placemaking\u2019de Yenilik, \u00c7eviklik ve \u0130\u015f Birli\u011fi\" tabindex=\"-1\" >\n\t\t\tMore of our article \u00bb\t\t<\/a>\n\n\t\t\t\t\t<\/div>\n\t\t\t\t<\/div>\n\t\t\t\t<div class=\"elementor-post__meta-data\">\n\t\t\t\t\t<span class=\"elementor-post-author\">\n\t\t\tAcross Magazine\t\t<\/span>\n\t\t\t\t<span class=\"elementor-post-date\">\n\t\t\tJanuary 30, 2025\t\t<\/span>\n\t\t\t\t<\/div>\n\t\t\t\t\t<\/div>\n\t\t<\/article>\n\t\t\t\t<\/div>\n\t\t\t\t\t<span class=\"e-load-more-spinner\">\n\t\t\t\t<svg aria-hidden=\"true\" class=\"e-font-icon-svg e-fas-spinner\" viewbox=\"0 0 512 512\" xmlns=\"http:\/\/www.w3.org\/2000\/svg\"><path d=\"M304 48c0 26.51-21.49 48-48 48s-48-21.49-48-48 21.49-48 48-48 48 21.49 48 48zm-48 368c-26.51 0-48 21.49-48 48s21.49 48 48 48 48-21.49 48-48-21.49-48-48-48zm208-208c-26.51 0-48 21.49-48 48s21.49 48 48 48 48-21.49 48-48-21.49-48-48-48zM96 256c0-26.51-21.49-48-48-48S0 229.49 0 256s21.49 48 48 48 48-21.49 48-48zm12.922 99.078c-26.51 0-48 21.49-48 48s21.49 48 48 48 48-21.49 48-48c0-26.509-21.491-48-48-48zm294.156 0c-26.51 0-48 21.49-48 48s21.49 48 48 48 48-21.49 48-48c0-26.509-21.49-48-48-48zM108.922 60.922c-26.51 0-48 21.49-48 48s21.49 48 48 48 48-21.49 48-48-21.491-48-48-48z\"><\/path><\/svg>\t\t\t<\/span>\n\t\t\n\t\t\t\t<div class=\"e-load-more-anchor\" data-page=\"1\" data-max-page=\"2\" data-next-page=\"https:\/\/www.weconsult.com.tr\/wp-json\/wp\/v2\/pages\/1144\/page\/2\/\"><\/div>\n\t\t\t\t<div class=\"e-load-more-message\">G\u00f6sterilecek ba\u015fka blog yaz\u0131s\u0131 yok<\/div>\n\t\t\t\t\t\t<\/div>\n\t\t\t\t<\/div>\n\t\t\t\t\t<\/div>\n\t\t\t\t<\/div>\n\t\t\t\t<\/div>","protected":false},"excerpt":{"rendered":"<p>Blog<\/p>","protected":false},"author":1,"featured_media":0,"parent":0,"menu_order":0,"comment_status":"closed","ping_status":"closed","template":"","meta":{"footnotes":""},"class_list":["post-1144","page","type-page","status-publish","hentry"],"blocksy_meta":[],"_links":{"self":[{"href":"https:\/\/www.weconsult.com.tr\/en\/wp-json\/wp\/v2\/pages\/1144","targetHints":{"allow":["GET"]}}],"collection":[{"href":"https:\/\/www.weconsult.com.tr\/en\/wp-json\/wp\/v2\/pages"}],"about":[{"href":"https:\/\/www.weconsult.com.tr\/en\/wp-json\/wp\/v2\/types\/page"}],"author":[{"embeddable":true,"href":"https:\/\/www.weconsult.com.tr\/en\/wp-json\/wp\/v2\/users\/1"}],"replies":[{"embeddable":true,"href":"https:\/\/www.weconsult.com.tr\/en\/wp-json\/wp\/v2\/comments?post=1144"}],"version-history":[{"count":13,"href":"https:\/\/www.weconsult.com.tr\/en\/wp-json\/wp\/v2\/pages\/1144\/revisions"}],"predecessor-version":[{"id":2616,"href":"https:\/\/www.weconsult.com.tr\/en\/wp-json\/wp\/v2\/pages\/1144\/revisions\/2616"}],"wp:attachment":[{"href":"https:\/\/www.weconsult.com.tr\/en\/wp-json\/wp\/v2\/media?parent=1144"}],"curies":[{"name":"wp","href":"https:\/\/api.w.org\/{rel}","templated":true}]}}